{"id":1146,"date":"2026-02-08T18:30:52","date_gmt":"2026-02-08T18:30:52","guid":{"rendered":"https:\/\/mario.tatenvoll.de\/?page_id=1146"},"modified":"2026-02-08T19:00:35","modified_gmt":"2026-02-08T19:00:35","slug":"impressum","status":"publish","type":"page","link":"https:\/\/mario.tatenvoll.de\/index.php\/impressum\/","title":{"rendered":"Impressum"},"content":{"rendered":"\n<style type=\"text\/css\" data-created_by=\"avia_inline_auto\" id=\"style-css-av-8zd6oa-e558e50c175357a024d4837cc92c7680\">\n.avia-section.av-8zd6oa-e558e50c175357a024d4837cc92c7680{\nbackground-color:#000000;\nbackground-image:url(https:\/\/mario.tatenvoll.de\/wp-content\/uploads\/2026\/01\/header.jpg);\nbackground-repeat:no-repeat;\nbackground-position:50% 50%;\nbackground-attachment:scroll;\n}\n.avia-section.av-8zd6oa-e558e50c175357a024d4837cc92c7680 .av-section-color-overlay{\nopacity:0.5;\nbackground-color:#000000;\n}\n<\/style>\n<div id='av_section_1'  class='avia-section av-8zd6oa-e558e50c175357a024d4837cc92c7680 main_color avia-section-no-padding avia-no-border-styling  avia-builder-el-0  el_before_av_section  avia-builder-el-first  avia-full-stretch avia-bg-style-scroll av-section-color-overlay-active av-minimum-height av-minimum-height-custom av-height-custom  container_wrap sidebar_right'  data-section-bg-repeat='stretch' data-av_minimum_height_px='475'><div class=\"av-section-color-overlay-wrap\"><div class=\"av-section-color-overlay\"><\/div><div class='container av-section-cont-open' style='height:475px'><main  role=\"main\" itemprop=\"mainContentOfPage\"  class='template-page content  av-content-small alpha units'><div class='post-entry post-entry-type-page post-entry-1146'><div class='entry-content-wrapper clearfix'>\n\n<style type=\"text\/css\" data-created_by=\"avia_inline_auto\" id=\"style-css-av-7wwkzu-26412306fc6cdcda1a7cbb65b73fafb2\">\n\n@media only screen and (min-width: 480px) and (max-width: 767px){ \n.flex_column.av-7wwkzu-26412306fc6cdcda1a7cbb65b73fafb2{\npadding:100px 0 0 0;\n}\n}\n\n@media only screen and (max-width: 479px){ \n.flex_column.av-7wwkzu-26412306fc6cdcda1a7cbb65b73fafb2{\npadding:100px 0 0 0;\n}\n}\n<\/style>\n<div  class='flex_column av-7wwkzu-26412306fc6cdcda1a7cbb65b73fafb2 av_one_fifth  avia-builder-el-1  el_before_av_three_fifth  avia-builder-el-first  first flex_column_div  '     ><\/div><div  class='flex_column av-6fv2pm-b8a49b1220880fd0ff30889858ea5602 av_three_fifth  avia-builder-el-2  el_after_av_one_fifth  el_before_av_one_fifth  flex_column_div  '     ><style type=\"text\/css\" data-created_by=\"avia_inline_auto\" id=\"style-css-av-mle3c633-100205a5e49fee60709c06bca0c1cc9c\">\n#top .av-special-heading.av-mle3c633-100205a5e49fee60709c06bca0c1cc9c{\npadding-bottom:40px;\ncolor:#ffffff;\nfont-size:72px;\n}\nbody .av-special-heading.av-mle3c633-100205a5e49fee60709c06bca0c1cc9c .av-special-heading-tag .heading-char{\nfont-size:25px;\n}\n#top #wrap_all .av-special-heading.av-mle3c633-100205a5e49fee60709c06bca0c1cc9c .av-special-heading-tag{\nfont-size:72px;\n}\n.av-special-heading.av-mle3c633-100205a5e49fee60709c06bca0c1cc9c .special-heading-inner-border{\nborder-color:#ffffff;\n}\n.av-special-heading.av-mle3c633-100205a5e49fee60709c06bca0c1cc9c .av-subheading{\nfont-size:20px;\n}\n\n@media only screen and (min-width: 480px) and (max-width: 767px){ \n#top #wrap_all .av-special-heading.av-mle3c633-100205a5e49fee60709c06bca0c1cc9c .av-special-heading-tag{\nfont-size:0.8em;\n}\n}\n\n@media only screen and (max-width: 479px){ \n#top #wrap_all .av-special-heading.av-mle3c633-100205a5e49fee60709c06bca0c1cc9c .av-special-heading-tag{\nfont-size:0.8em;\n}\n}\n<\/style>\n<div  class='av-special-heading av-mle3c633-100205a5e49fee60709c06bca0c1cc9c av-special-heading-h2 custom-color-heading blockquote modern-quote modern-centered  avia-builder-el-3  avia-builder-el-no-sibling  av-inherit-size'><h2 class='av-special-heading-tag '  itemprop=\"headline\"  >Impressum<\/h2><div class='av_custom_color av-subheading av-subheading_below'><p>gem\u00e4\u00df Telemediengesetz (TMG)<br \/>\n\u00a7 5 Allgemeine Informationspflichten<\/p>\n<\/div><div class=\"special-heading-border\"><div class=\"special-heading-inner-border\"><\/div><\/div><\/div><\/div><div  class='flex_column av-4kfqga-fc3a0a658f25444b9d8d49c75dc72326 av_one_fifth  avia-builder-el-4  el_after_av_three_fifth  el_before_av_hr  flex_column_div  '     ><\/div>\n<style type=\"text\/css\" data-created_by=\"avia_inline_auto\" id=\"style-css-av-963lm-1380fa8f1b9571db79ca26f14506fbff\">\n#top .hr.hr-invisible.av-963lm-1380fa8f1b9571db79ca26f14506fbff{\nheight:100px;\n}\n<\/style>\n<div  class='hr av-963lm-1380fa8f1b9571db79ca26f14506fbff hr-invisible  avia-builder-el-5  el_after_av_one_fifth  avia-builder-el-last '><span class='hr-inner '><span class=\"hr-inner-style\"><\/span><\/span><\/div>\n\n<\/div><\/div><\/main><!-- close content main element --><\/div><\/div><\/div>\n<style type=\"text\/css\" data-created_by=\"avia_inline_auto\" id=\"style-css-av-732ze-3e7e30606882d0b4320ce7428eb7d5a1\">\n.avia-section.av-732ze-3e7e30606882d0b4320ce7428eb7d5a1{\nbackground-color:#f8f8f8;\nbackground-image:unset;\n}\n.avia-section.av-732ze-3e7e30606882d0b4320ce7428eb7d5a1 .av-extra-border-element .av-extra-border-inner{\nbackground-color:#f8f8f8;\n}\n<\/style>\n<div id='av_section_2'  class='avia-section av-732ze-3e7e30606882d0b4320ce7428eb7d5a1 main_color avia-section-no-padding avia-no-border-styling  avia-builder-el-6  el_after_av_section  el_before_av_textblock  avia-bg-style-scroll av-arrow-down-section av-minimum-height av-minimum-height-custom av-height-custom  container_wrap sidebar_right'   data-av_minimum_height_px='200'><div class='container av-section-cont-open' style='height:200px'><div class='template-page content  av-content-small alpha units'><div class='post-entry post-entry-type-page post-entry-1146'><div class='entry-content-wrapper clearfix'>\n\n<style type=\"text\/css\" data-created_by=\"avia_inline_auto\" id=\"style-css-av-mle3eyap-b8ea72d1d0ad516e348d2b1ea8d8c6a5\">\n#top .av_textblock_section.av-mle3eyap-b8ea72d1d0ad516e348d2b1ea8d8c6a5 .avia_textblock{\nfont-size:20px;\n}\n<\/style>\n<section  class='av_textblock_section av-mle3eyap-b8ea72d1d0ad516e348d2b1ea8d8c6a5 '   itemscope=\"itemscope\" itemtype=\"https:\/\/schema.org\/CreativeWork\" ><div class='avia_textblock'  itemprop=\"text\" ><p style=\"text-align: center;\">\u201eMeine zwei Millionen Poren brauchen frische Luft und Sonnenlicht.<br \/>\nDrum raus aus dem Haus und wandle, atme und Bade in der Natur.\u201c<\/p>\n<p style=\"text-align: center;\">F.E. Bilz<\/p>\n<\/div><\/section>\n<\/div><\/div><\/div><!-- close content main div --><\/div><div class='av-extra-border-element border-extra-arrow-down'><div class='av-extra-border-outer'><div class='av-extra-border-inner'><\/div><\/div><\/div><\/div><div id='after_section_2'  class='main_color av_default_container_wrap container_wrap sidebar_right'  ><div class='container av-section-cont-open' ><div class='template-page content  av-content-small alpha units'><div class='post-entry post-entry-type-page post-entry-1146'><div class='entry-content-wrapper clearfix'>\n<section  class='av_textblock_section av-mle2n7aw-14daeb846ac9442a0215ec31752d587f '   itemscope=\"itemscope\" itemtype=\"https:\/\/schema.org\/CreativeWork\" ><div class='avia_textblock'  itemprop=\"text\" ><p>gem\u00e4\u00df Telemediengesetz (TMG) \u00a7 5 Allgemeine Informationspflichten<\/p>\n<p class=\"pm\"><strong>Bilz Naturheil gemeinn\u00fctzige UG<\/strong><br \/>\nMarkt 9<br \/>\n09306 Rochlitz<br \/>\nDeutschland<\/p>\n<p class=\"pm\">post@bilzprodukte.de<br \/>\nwww.bilzprodukte.de<\/p>\n<p>Tel.: +49 371\/26212011<\/p>\n<p class=\"pm\"><strong>Achtung!<\/strong> Die Bilz Naturheil UG bietet keine telefonische Hotline. Diese Telefonnummer dient der Angabepflicht und ist f\u00fcr Anliegen, die nicht direkt den Kundenservice betreffen. Senden sie an die angegebene E-Mail-Adresse bitte keine Supportanfragen oder Bestellanfragen zu.<\/p>\n<p>Handelsregister-Nummer HRB 37180<br \/>\nAmtgericht Chemnitz<br \/>\nSteuer-Nr. 222\/106\/00314<\/p>\n<p>Gesch\u00e4ftsf\u00fchrung Angela Ludwig<\/p>\n<p>Verantwortliche Person: Sven Hurtig (Mitglied im Bilzbund f\u00fcr Naturheilkunde e.V. Radebeul und Leiter der Arbeitsgruppe Produkte)<\/p>\n<h3 id=\"online-streitbeilegung-os-plattform\">Online-Streitbeilegung (OS-Plattform)<\/h3>\n<p class=\"pm\">Die Europ\u00e4ische Kommission stellt eine Plattform zur Online-Streitbeilegung (OS) bereit, die Sie\u00a0<a href=\"https:\/\/ec.europa.eu\/consumers\/odr\/\">hier<\/a>\u00a0finden. Wir sind nicht bereit und nicht verpflichtet, an einem Streitbeilegungsverfahren vor einer Verbraucherschlichtungsstelle teilzunehmen.<\/p>\n<h3 id=\"du-hast-eine-spam--phishing--oder-anderweitig-rechtverletzende-seite-auf-unserer-plattform-entdeckt\">Sie haben eine Spam-, Phishing- oder anderweitig rechtverletzende Seite auf unserer Webseite entdeckt?<\/h3>\n<p class=\"pm\">Nutzen sie unser <a href=\"https:\/\/mario.tatenvoll.de\/index.php\/kontakt\/\">Kontaktformular<\/a>, um uns Spam, Phishing oder Rechtsverletzungen zu melden. Gerne k\u00f6nnen sie uns ihre Beschwerde auch an die E-Mail &#8211; Adresse impressum(at)naturhurtig.de\u00a0senden.<\/p>\n<h3 id=\"f\u00fcr-beh\u00f6rden-und-anw\u00e4lte\">F\u00fcr Beh\u00f6rden und Anw\u00e4lte<\/h3>\n<p class=\"pm\">Bitte senden Sie uns Ihre Beschwerde oder Ihr Auskunftsersuchen an impressum(at)bilzprodukte.de oder nehmen sie Kontakt per Telefon zu uns auf. Bitte vermerken Sie eine Kontaktm\u00f6glichkeit wie z. B. eine E-Mail-Adresse, so dass wir Sie schnell und einfach kontaktieren k\u00f6nnen.<\/p>\n<h3 id=\"presse\">Presse<\/h3>\n<p class=\"pm\">Besuchen sie hierzu den Bereich Aktuelles oder kontaktieren uns gern.<\/p>\n<\/div><\/section>\n<div  class='avia-button-wrap avia-button-center  avia-builder-el-9  el_after_av_textblock  avia-builder-el-last '>\n<style type=\"text\/css\" data-created_by=\"avia_inline_auto\" id=\"style-css-av-2rvpbu-14cbb66d1be6aeee594a45fd387de1a0\">\n#top #wrap_all .avia-button.av-2rvpbu-14cbb66d1be6aeee594a45fd387de1a0{\nbackground-color:#84754e;\nborder-color:#84754e;\ntransition:all 0.4s ease-in-out;\n}\n#top #wrap_all .avia-button.av-2rvpbu-14cbb66d1be6aeee594a45fd387de1a0:hover{\nbackground-color:#444444;\ncolor:white;\ntransition:all 0.4s ease-in-out;\n}\n#top #wrap_all .avia-button.av-2rvpbu-14cbb66d1be6aeee594a45fd387de1a0:hover .avia-svg-icon svg:first-child{\nfill:white;\nstroke:white;\n}\n<\/style>\n<a href='https:\/\/mario.tatenvoll.de\/index.php\/kontakt\/' class='av-icon-on-hover avia-font-color-theme-color avia-button avia-button-fullwidth av-2rvpbu-14cbb66d1be6aeee594a45fd387de1a0 avia-icon_select-yes-right-icon avia-color-custom'   aria-label=\"Jetzt Teil der Bilz-Bewegung werden\"><span class='avia_iconbox_title' >Jetzt Teil der Bilz-Bewegung werden<\/span><span class='avia_button_icon avia_button_icon_right avia-iconfont avia-font-entypo-fontello' data-av_icon='\ue805' data-av_iconfont='entypo-fontello' ><\/span><div class='av-button-description av-button-description-below'><p>Entdecken Sie die Bilz-Region, werden Sie Partner oder unterst\u00fctzen Sie unsere Projekte.<\/p>\n<\/div><\/a><\/div>\n","protected":false},"excerpt":{"rendered":"","protected":false},"author":1,"featured_media":0,"parent":0,"menu_order":0,"comment_status":"closed","ping_status":"closed","template":"","meta":{"footnotes":""},"class_list":["post-1146","page","type-page","status-publish","hentry"],"yoast_head":"<!-- This site is optimized with the Yoast SEO plugin v26.9 - https:\/\/yoast.com\/product\/yoast-seo-wordpress\/ -->\n<title>Impressum - Bilzprodukte<\/title>\n<meta name=\"robots\" content=\"index, follow, max-snippet:-1, max-image-preview:large, max-video-preview:-1\" \/>\n<link rel=\"canonical\" href=\"https:\/\/mario.tatenvoll.de\/index.php\/impressum\/\" \/>\n<meta property=\"og:locale\" content=\"de_DE\" \/>\n<meta property=\"og:type\" content=\"article\" \/>\n<meta property=\"og:title\" content=\"Impressum - Bilzprodukte\" \/>\n<meta property=\"og:url\" content=\"https:\/\/mario.tatenvoll.de\/index.php\/impressum\/\" \/>\n<meta property=\"og:site_name\" content=\"Bilzprodukte\" \/>\n<meta property=\"article:modified_time\" content=\"2026-02-08T19:00:35+00:00\" \/>\n<meta name=\"twitter:card\" content=\"summary_large_image\" \/>\n<meta name=\"twitter:label1\" content=\"Gesch\u00e4tzte Lesezeit\" \/>\n\t<meta name=\"twitter:data1\" content=\"2\u00a0Minuten\" \/>\n<script type=\"application\/ld+json\" class=\"yoast-schema-graph\">{\"@context\":\"https:\/\/schema.org\",\"@graph\":[{\"@type\":\"WebPage\",\"@id\":\"https:\/\/mario.tatenvoll.de\/index.php\/impressum\/\",\"url\":\"https:\/\/mario.tatenvoll.de\/index.php\/impressum\/\",\"name\":\"Impressum - Bilzprodukte\",\"isPartOf\":{\"@id\":\"https:\/\/mario.tatenvoll.de\/#website\"},\"datePublished\":\"2026-02-08T18:30:52+00:00\",\"dateModified\":\"2026-02-08T19:00:35+00:00\",\"breadcrumb\":{\"@id\":\"https:\/\/mario.tatenvoll.de\/index.php\/impressum\/#breadcrumb\"},\"inLanguage\":\"de\",\"potentialAction\":[{\"@type\":\"ReadAction\",\"target\":[\"https:\/\/mario.tatenvoll.de\/index.php\/impressum\/\"]}]},{\"@type\":\"BreadcrumbList\",\"@id\":\"https:\/\/mario.tatenvoll.de\/index.php\/impressum\/#breadcrumb\",\"itemListElement\":[{\"@type\":\"ListItem\",\"position\":1,\"name\":\"Start\",\"item\":\"https:\/\/mario.tatenvoll.de\/index.php\/sample-page-2\/\"},{\"@type\":\"ListItem\",\"position\":2,\"name\":\"Impressum\"}]},{\"@type\":\"WebSite\",\"@id\":\"https:\/\/mario.tatenvoll.de\/#website\",\"url\":\"https:\/\/mario.tatenvoll.de\/\",\"name\":\"Bilzprodukte\",\"description\":\"Natur als Leitern\",\"potentialAction\":[{\"@type\":\"SearchAction\",\"target\":{\"@type\":\"EntryPoint\",\"urlTemplate\":\"https:\/\/mario.tatenvoll.de\/?s={search_term_string}\"},\"query-input\":{\"@type\":\"PropertyValueSpecification\",\"valueRequired\":true,\"valueName\":\"search_term_string\"}}],\"inLanguage\":\"de\"}]}<\/script>\n<!-- \/ Yoast SEO plugin. -->","yoast_head_json":{"title":"Impressum - Bilzprodukte","robots":{"index":"index","follow":"follow","max-snippet":"max-snippet:-1","max-image-preview":"max-image-preview:large","max-video-preview":"max-video-preview:-1"},"canonical":"https:\/\/mario.tatenvoll.de\/index.php\/impressum\/","og_locale":"de_DE","og_type":"article","og_title":"Impressum - Bilzprodukte","og_url":"https:\/\/mario.tatenvoll.de\/index.php\/impressum\/","og_site_name":"Bilzprodukte","article_modified_time":"2026-02-08T19:00:35+00:00","twitter_card":"summary_large_image","twitter_misc":{"Gesch\u00e4tzte Lesezeit":"2\u00a0Minuten"},"schema":{"@context":"https:\/\/schema.org","@graph":[{"@type":"WebPage","@id":"https:\/\/mario.tatenvoll.de\/index.php\/impressum\/","url":"https:\/\/mario.tatenvoll.de\/index.php\/impressum\/","name":"Impressum - Bilzprodukte","isPartOf":{"@id":"https:\/\/mario.tatenvoll.de\/#website"},"datePublished":"2026-02-08T18:30:52+00:00","dateModified":"2026-02-08T19:00:35+00:00","breadcrumb":{"@id":"https:\/\/mario.tatenvoll.de\/index.php\/impressum\/#breadcrumb"},"inLanguage":"de","potentialAction":[{"@type":"ReadAction","target":["https:\/\/mario.tatenvoll.de\/index.php\/impressum\/"]}]},{"@type":"BreadcrumbList","@id":"https:\/\/mario.tatenvoll.de\/index.php\/impressum\/#breadcrumb","itemListElement":[{"@type":"ListItem","position":1,"name":"Start","item":"https:\/\/mario.tatenvoll.de\/index.php\/sample-page-2\/"},{"@type":"ListItem","position":2,"name":"Impressum"}]},{"@type":"WebSite","@id":"https:\/\/mario.tatenvoll.de\/#website","url":"https:\/\/mario.tatenvoll.de\/","name":"Bilzprodukte","description":"Natur als Leitern","potentialAction":[{"@type":"SearchAction","target":{"@type":"EntryPoint","urlTemplate":"https:\/\/mario.tatenvoll.de\/?s={search_term_string}"},"query-input":{"@type":"PropertyValueSpecification","valueRequired":true,"valueName":"search_term_string"}}],"inLanguage":"de"}]}},"_links":{"self":[{"href":"https:\/\/mario.tatenvoll.de\/index.php\/wp-json\/wp\/v2\/pages\/1146","targetHints":{"allow":["GET"]}}],"collection":[{"href":"https:\/\/mario.tatenvoll.de\/index.php\/wp-json\/wp\/v2\/pages"}],"about":[{"href":"https:\/\/mario.tatenvoll.de\/index.php\/wp-json\/wp\/v2\/types\/page"}],"author":[{"embeddable":true,"href":"https:\/\/mario.tatenvoll.de\/index.php\/wp-json\/wp\/v2\/users\/1"}],"replies":[{"embeddable":true,"href":"https:\/\/mario.tatenvoll.de\/index.php\/wp-json\/wp\/v2\/comments?post=1146"}],"version-history":[{"count":10,"href":"https:\/\/mario.tatenvoll.de\/index.php\/wp-json\/wp\/v2\/pages\/1146\/revisions"}],"predecessor-version":[{"id":1167,"href":"https:\/\/mario.tatenvoll.de\/index.php\/wp-json\/wp\/v2\/pages\/1146\/revisions\/1167"}],"wp:attachment":[{"href":"https:\/\/mario.tatenvoll.de\/index.php\/wp-json\/wp\/v2\/media?parent=1146"}],"curies":[{"name":"wp","href":"https:\/\/api.w.org\/{rel}","templated":true}]}}